{"id":244,"date":"2023-01-17T21:08:48","date_gmt":"2023-01-17T20:08:48","guid":{"rendered":"http:\/\/teqivla.cluster020.hosting.ovh.net\/?page_id=244"},"modified":"2026-01-20T11:41:30","modified_gmt":"2026-01-20T10:41:30","slug":"formule-et-tarifs","status":"publish","type":"page","link":"https:\/\/www.ulmfourques.fr\/index.php\/formule-et-tarifs\/","title":{"rendered":"Formules et tarifs"},"content":{"rendered":"<div class=\"wp-block-image\">\n<figure class=\"aligncenter is-resized\"><img loading=\"lazy\" decoding=\"async\" width=\"800\" height=\"120\" src=\"https:\/\/www.ulmfourques.fr\/wp-content\/uploads\/2019\/06\/banusr.jpg\" alt=\"\" class=\"wp-image-8\" style=\"width:987px;height:148px\" srcset=\"https:\/\/www.ulmfourques.fr\/wp-content\/uploads\/2019\/06\/banusr.jpg 800w, https:\/\/www.ulmfourques.fr\/wp-content\/uploads\/2019\/06\/banusr-300x45.jpg 300w, https:\/\/www.ulmfourques.fr\/wp-content\/uploads\/2019\/06\/banusr-768x115.jpg 768w\" sizes=\"auto, (max-width: 767px) 89vw, (max-width: 1000px) 54vw, (max-width: 1071px) 543px, 580px\" \/><\/figure>\n<\/div>\n\n\n<h5 class=\"wp-block-heading has-text-align-left\"><strong>Un vol en ULM, un cadeau original accessible \u00e0 tous et \u00e0 toutes d\u00e8s l&rsquo;\u00e2ge de 7 ans.<br>Nous vous proposons des CHEQUES-CADEAUX qui cr\u00e9eront des souvenirs uniques pour toutes les occasions (f\u00eates, anniversaires, mariages,&#8230;).<\/strong><\/h5>\n\n\n\n<p><\/p>\n\n\n\n<p style=\"font-size:22px\">1 &#8211; <strong>Choisissez la formule qui vous convient<\/strong><\/p>\n\n\n\n<p style=\"font-size:22px\">2 &#8211; <strong>Choisissez votre mode de paiement :<\/strong><\/p>\n\n\n\n<p style=\"font-size: 22px;\"><span style=\"font-size: 16px; font-family: helvetica, arial, sans-serif;\"><em><span style=\"text-decoration: underline;\">Par courrier :<\/span><\/em> ch\u00e8que \u00e0 l&rsquo;ordre de \u00ab\u00a0Ultra-L\u00e9gers Marmandais\u00a0\u00bb<\/span><br><span style=\"font-size: 16px; font-family: helvetica, arial, sans-serif;\">Adressez votre r\u00e8glement \u00e0 : <\/span><span style=\"font-size: 16px;\">ULTRA-LEGERS MARMANDAIS <\/span><span style=\"font-size: 16px;\">&#8211; Base ULM de Fourques &#8211; BP 90075 &#8211; 47202 Marmande cedex<\/span><\/p>\n\n\n\n<p style=\"font-size: 22px;\"><span style=\"font-size: 16px;\"><em><span style=\"text-decoration: underline;\">En li<\/span>g<span style=\"text-decoration: underline;\">ne :<\/span><\/em> sur notre page&nbsp;<a href=\"https:\/\/www.ulmfourques.fr\/index.php\/cheques-cadeaux\/\" target=\"_blank\" rel=\"noopener\">\u00ab\u00a0CHEQUES-CADEAUX\u00a0\u00bb<\/a><\/span><\/p>\n\n\n\n<p style=\"font-size: 22px;\"><span style=\"font-size: 16px;\"><em><span style=\"text-decoration: underline;\">Sur place :<\/span><\/em> vous pouvez venir retirer votre CHEQUE-CADEAU directement sur la base en nous appelant au pr\u00e9alable<\/span><\/p>\n\n\n\n<p style=\"font-size:22px\">3 &#8211; <strong>Le b\u00e9n\u00e9ficiaire nous contacte pour r\u00e9server son vol \u00e0 la date de son choix. Le CHEQUE-CADEAU est valable 1 an.<\/strong><\/p>\n\n\n<div class=\"wp-block-image\">\n<figure class=\"aligncenter is-resized\"><a href=\"https:\/\/ulmfourques.fr\/wp-content\/uploads\/2019\/10\/fiche-pratique-vols.pdf\"><img loading=\"lazy\" decoding=\"async\" width=\"131\" height=\"30\" src=\"https:\/\/www.ulmfourques.fr\/wp-content\/uploads\/2019\/10\/Fiche-pratique.png\" alt=\"\" class=\"wp-image-415\" style=\"width:173px;height:40px\"\/><\/a><\/figure>\n<\/div>\n\n\n<hr class=\"wp-block-separator has-css-opacity\"\/>\n\n\n\n<p style=\"text-align: center;\"><span style=\"text-align: center; color: #3498dc; text-transform: none; text-indent: 0px; letter-spacing: normal; font-family: 'Muli',sans-serif; font-size: 35px; font-style: normal; font-variant: normal; font-weight: 600; text-decoration: none; word-spacing: 0px; display: inline !important; white-space: pre-wrap; orphans: 2; float: none; -webkit-text-stroke-width: 0px; background-color: #ffffff;\">Multiaxe (genre petit avion)<\/span><\/p>\n<p class=\"has-text-color has-background has-normal-font-size has-black-color has-white-background-color\" style=\"text-align: left;\">Le multiaxe est un avion ultra-l\u00e9ger class\u00e9 ULM. Il est \u00e0 cabine ferm\u00e9e, tr\u00e8s confortable, \u00e9quip\u00e9 d&rsquo;un chauffage pour l&rsquo;hiver et de ventilations pour l&rsquo;\u00e9t\u00e9.<\/p>\n\n\n<div class=\"wp-block-image\">\n<figure class=\"aligncenter\"><img loading=\"lazy\" decoding=\"async\" width=\"415\" height=\"279\" src=\"https:\/\/www.ulmfourques.fr\/wp-content\/uploads\/2019\/06\/Avionjpg.jpg\" alt=\"\" class=\"wp-image-7\" srcset=\"https:\/\/www.ulmfourques.fr\/wp-content\/uploads\/2019\/06\/Avionjpg.jpg 415w, https:\/\/www.ulmfourques.fr\/wp-content\/uploads\/2019\/06\/Avionjpg-300x202.jpg 300w\" sizes=\"auto, (max-width: 415px) 100vw, 415px\" \/><\/figure>\n<\/div>\n\n\n<p><strong>\u2022<\/strong>\u00a0 <strong>\u00ab\u00a0Balade\u00a0\u00bb 20 minutes : 70 Euros<br \/><\/strong><strong>\u2022\u00a0 \u00ab\u00a0Promenade\u00a0\u00bb 30 minutes : 90 Euros<br \/><\/strong><strong>\u2022\u00a0 \u00ab\u00a0Rando\u00a0\u00bb 45 minutes : 120 Euros<br \/><\/strong>\u2022\u00a0 <strong>\u00ab\u00a0Circuit touristique\u00a0\u00bb 1 heure : 150 Euros<\/strong><br \/>Cette formule d&rsquo;une heure de vol autorise une plus grande libert\u00e9 d&rsquo;itin\u00e9raires pour d\u00e9couvrir les superbes vues a\u00e9riennes de notre r\u00e9gion : m\u00e9andres de la Garonne, canal lat\u00e9ral, confluent, ch\u00e2teaux, for\u00eat des Landes\u2026<br \/><strong>\u2022<\/strong>\u00a0<strong> \u00ab\u00a0Stage d\u00e9couverte\u00a0\u00bb : 280 Euros<\/strong><br \/>Prenez les commandes d&rsquo;un ULM lors de 2 v\u00e9ritables cours de pilotage accompagn\u00e9 d&rsquo;un instructeur dipl\u00f4m\u00e9 !<br \/>Ce stage comprend 2 s\u00e9ances d&rsquo;environ 1 heure. Ces 2 s\u00e9ances, qui correspondent \u00e0 de v\u00e9ritables cours de pilotage, comprennent chacune un briefing, un vol en place pilote d&rsquo;environ 40 minutes en compagnie d&rsquo;un instructeur et un d\u00e9briefing. Il est possible de panacher 2 types d&rsquo;ULM. Id\u00e9al pour tester votre motivation avant de d\u00e9buter une \u00e9ventuelle formation de pilote d&rsquo;ULM.<\/p>\n\n\n\n<hr class=\"wp-block-separator has-css-opacity is-style-wide\"\/>\n\n\n\n<p style=\"text-align: center;\"><span style=\"text-align: center; color: #3498dc; text-transform: none; text-indent: 0px; letter-spacing: normal; font-family: 'Muli',sans-serif; font-size: 35px; font-style: normal; font-variant: normal; font-weight: 600; text-decoration: none; word-spacing: 0px; display: inline !important; white-space: pre-wrap; orphans: 2; float: none; -webkit-text-stroke-width: 0px; background-color: #ffffff;\">Pendulaire (genre aile delta)<\/span><\/p>\n<p class=\"has-text-color has-background has-normal-font-size has-black-color has-white-background-color\" style=\"text-align: left;\">Le pendulaire est souvent consid\u00e9r\u00e9 comme le \u00ab\u00a0v\u00e9ritable\u00a0\u00bb ULM, il offre des sensations extraordinaires de glisse et de libert\u00e9 au contact direct de l&rsquo;air !<\/p>\n\n\n<div class=\"wp-block-image\">\n<figure class=\"aligncenter is-resized\"><img loading=\"lazy\" decoding=\"async\" width=\"847\" height=\"603\" src=\"https:\/\/www.ulmfourques.fr\/wp-content\/uploads\/2019\/06\/Pendulaire.jpg\" alt=\"\" class=\"wp-image-23\" style=\"width:415px;height:279px\" srcset=\"https:\/\/www.ulmfourques.fr\/wp-content\/uploads\/2019\/06\/Pendulaire.jpg 847w, https:\/\/www.ulmfourques.fr\/wp-content\/uploads\/2019\/06\/Pendulaire-300x214.jpg 300w, https:\/\/www.ulmfourques.fr\/wp-content\/uploads\/2019\/06\/Pendulaire-768x547.jpg 768w\" sizes=\"auto, (max-width: 767px) 89vw, (max-width: 1000px) 54vw, (max-width: 1071px) 543px, 580px\" \/><\/figure>\n<\/div>\n\n\n<p><strong>\u2022<\/strong>\u00a0 <strong>\u00ab\u00a0Balade\u00a0\u00bb 20 minutes : 80 Euros<br \/><\/strong><strong>\u2022\u00a0 \u00ab\u00a0Promenade\u00a0\u00bb 30 minutes : 100 Euros<br \/><\/strong><strong>\u2022\u00a0 \u00ab\u00a0Rando\u00a0\u00bb 45 minutes : 130 Euros<br \/><\/strong>\u2022\u00a0 <strong>\u00ab\u00a0Circuit touristique\u00a0\u00bb 1 heure : 160 Euros<\/strong><br \/>Cette formule d&rsquo;une heure de vol autorise une plus grande libert\u00e9 d&rsquo;itin\u00e9raires pour d\u00e9couvrir les superbes vues a\u00e9riennes de notre r\u00e9gion : m\u00e9andres de la Garonne, canal lat\u00e9ral, confluent, ch\u00e2teaux, for\u00eat des Landes\u2026<br \/><strong>\u2022<\/strong>\u00a0<strong> \u00ab\u00a0Stage d\u00e9couverte\u00a0\u00bb : 280 Euros<\/strong><br \/>Prenez les commandes d&rsquo;un ULM lors de 2 v\u00e9ritables cours de pilotage accompagn\u00e9 d&rsquo;un instructeur dipl\u00f4m\u00e9 !<br \/>Ce stage comprend 2 s\u00e9ances d&rsquo;environ 1 heure. Ces 2 s\u00e9ances, qui correspondent \u00e0 de v\u00e9ritables cours de pilotage, comprennent chacune un briefing, un vol en place pilote d&rsquo;environ 40 minutes en compagnie d&rsquo;un instructeur et un d\u00e9briefing. Il est possible de panacher 2 types d&rsquo;ULM. Id\u00e9al pour tester votre motivation avant de d\u00e9buter une \u00e9ventuelle formation de pilote d&rsquo;ULM.<\/p>\n\n\n\n<hr class=\"wp-block-separator has-css-opacity\"\/>\n\n\n\n<p style=\"text-align: center;\"><span style=\"text-align: center; color: #3498dc; text-transform: none; text-indent: 0px; letter-spacing: normal; font-family: 'Muli',sans-serif; font-size: 35px; font-style: normal; font-variant: normal; font-weight: 600; text-decoration: none; word-spacing: 0px; display: inline !important; white-space: pre-wrap; orphans: 2; float: none; -webkit-text-stroke-width: 0px; background-color: #ffffff;\">Autogire ou Gyrocopt\u00e8re (Gyro)<\/span><\/p>\n<p class=\"has-text-color has-background has-normal-font-size has-black-color has-white-background-color\" style=\"text-align: left;\">L&rsquo;autogire est une machine extraordinaire \u00e0 la fois tr\u00e8s stable en toutes conditions et d&rsquo;une man\u0153uvrabilit\u00e9 sans \u00e9gale, vous serez s\u00e9duit(e) par son confort, sa visibilit\u00e9 et les sensations uniques qu&rsquo;il procure.<\/p>\n\n\n<div class=\"wp-block-image\">\n<figure class=\"aligncenter is-resized\"><img loading=\"lazy\" decoding=\"async\" width=\"849\" height=\"600\" src=\"https:\/\/www.ulmfourques.fr\/wp-content\/uploads\/2019\/06\/Autogire.jpg\" alt=\"\" class=\"wp-image-6\" style=\"width:415px;height:279px\" srcset=\"https:\/\/www.ulmfourques.fr\/wp-content\/uploads\/2019\/06\/Autogire.jpg 849w, https:\/\/www.ulmfourques.fr\/wp-content\/uploads\/2019\/06\/Autogire-300x212.jpg 300w, https:\/\/www.ulmfourques.fr\/wp-content\/uploads\/2019\/06\/Autogire-768x543.jpg 768w\" sizes=\"auto, (max-width: 767px) 89vw, (max-width: 1000px) 54vw, (max-width: 1071px) 543px, 580px\" \/><\/figure>\n<\/div>\n\n\n<p><strong>\u2022<\/strong>\u00a0 <strong>\u00ab\u00a0Balade\u00a0\u00bb 20 minutes : 90 Euros<br \/><\/strong><strong>\u2022\u00a0 \u00ab\u00a0Promenade\u00a0\u00bb 30 minutes : 110 Euros<br \/><\/strong><strong>\u2022\u00a0 \u00ab\u00a0Rando\u00a0\u00bb 45 minutes : 150 Euros<br \/><\/strong>\u2022\u00a0 <strong>\u00ab\u00a0Circuit touristique\u00a0\u00bb 1 heure : 180 Euros<\/strong><br \/>Cette formule d&rsquo;une heure de vol autorise une plus grande libert\u00e9 d&rsquo;itin\u00e9raires pour d\u00e9couvrir les superbes vues a\u00e9riennes de notre r\u00e9gion : m\u00e9andres de la Garonne, canal lat\u00e9ral, confluent, ch\u00e2teaux, for\u00eat des Landes\u2026<\/p>\n","protected":false},"excerpt":{"rendered":"<p>Un vol en ULM, un cadeau original accessible \u00e0 tous et \u00e0 toutes d\u00e8s l&rsquo;\u00e2ge de 7 ans.Nous vous proposons des CHEQUES-CADEAUX qui cr\u00e9eront des souvenirs uniques pour toutes les occasions (f\u00eates, anniversaires, mariages,&#8230;). 1 &#8211; Choisissez la formule qui vous convient 2 &#8211; Choisissez votre mode de paiement : Par courrier : ch\u00e8que \u00e0 &hellip; <\/p>\n<p class=\"link-more\"><a href=\"https:\/\/www.ulmfourques.fr\/index.php\/formule-et-tarifs\/\" class=\"more-link\">Continuer la lecture<span class=\"screen-reader-text\"> de &laquo;&nbsp;Formules et tarifs&nbsp;&raquo;<\/span><\/a><\/p>\n","protected":false},"author":2,"featured_media":0,"parent":0,"menu_order":3,"comment_status":"closed","ping_status":"closed","template":"","meta":{"footnotes":""},"class_list":["post-244","page","type-page","status-publish","hentry"],"_links":{"self":[{"href":"https:\/\/www.ulmfourques.fr\/index.php\/wp-json\/wp\/v2\/pages\/244","targetHints":{"allow":["GET"]}}],"collection":[{"href":"https:\/\/www.ulmfourques.fr\/index.php\/wp-json\/wp\/v2\/pages"}],"about":[{"href":"https:\/\/www.ulmfourques.fr\/index.php\/wp-json\/wp\/v2\/types\/page"}],"author":[{"embeddable":true,"href":"https:\/\/www.ulmfourques.fr\/index.php\/wp-json\/wp\/v2\/users\/2"}],"replies":[{"embeddable":true,"href":"https:\/\/www.ulmfourques.fr\/index.php\/wp-json\/wp\/v2\/comments?post=244"}],"version-history":[{"count":43,"href":"https:\/\/www.ulmfourques.fr\/index.php\/wp-json\/wp\/v2\/pages\/244\/revisions"}],"predecessor-version":[{"id":1057,"href":"https:\/\/www.ulmfourques.fr\/index.php\/wp-json\/wp\/v2\/pages\/244\/revisions\/1057"}],"wp:attachment":[{"href":"https:\/\/www.ulmfourques.fr\/index.php\/wp-json\/wp\/v2\/media?parent=244"}],"curies":[{"name":"wp","href":"https:\/\/api.w.org\/{rel}","templated":true}]}}