{"id":251,"date":"2019-09-29T18:22:37","date_gmt":"2019-09-29T16:22:37","guid":{"rendered":"http:\/\/teqivla.cluster020.hosting.ovh.net\/?page_id=251"},"modified":"2020-06-05T15:22:04","modified_gmt":"2020-06-05T13:22:04","slug":"instructeur-ulm","status":"publish","type":"page","link":"https:\/\/www.ulmfourques.fr\/index.php\/page-d-exemple\/instructeur-ulm\/","title":{"rendered":"Instructeur ULM"},"content":{"rendered":"\n<div class=\"wp-block-image\"><figure class=\"aligncenter is-resized\"><img loading=\"lazy\" decoding=\"async\" src=\"https:\/\/www.ulmfourques.fr\/wp-content\/uploads\/2019\/06\/banusr.jpg\" alt=\"\" class=\"wp-image-8\" width=\"987\" height=\"148\" srcset=\"https:\/\/www.ulmfourques.fr\/wp-content\/uploads\/2019\/06\/banusr.jpg 800w, https:\/\/www.ulmfourques.fr\/wp-content\/uploads\/2019\/06\/banusr-300x45.jpg 300w, https:\/\/www.ulmfourques.fr\/wp-content\/uploads\/2019\/06\/banusr-768x115.jpg 768w\" sizes=\"auto, (max-width: 767px) 89vw, (max-width: 1000px) 54vw, (max-width: 1071px) 543px, 580px\" \/><\/figure><\/div>\n\n\n\n<h3 class=\"wp-block-heading\"><strong>La qualification instructeur ULM<\/strong><\/h3>\n\n\n\n<p>Notre structure est homologu\u00e9e par l&rsquo;Aviation Civile pour assurer les formations \u00e0 la qualification d&rsquo;instructeur ULM dans les classes pendulaire et multiaxe et autogyre.<\/p>\n\n\n\n<p>Cette formation, sanctionn\u00e9e par un examen, vous permettra de pratiquer l&rsquo;enseignement au pilotage au sein de n&rsquo;importe quelle \u00e9cole de pilotage ULM \u00e0 titre b\u00e9n\u00e9vole ou professionnel.<\/p>\n\n\n\n<p>Notre \u00e9cole \u00e9tant organisme de formation continue, vous pouvez \u00e9galement obtenir le financement de votre formation par le biais de votre employeur (Agecif, Fongecif, Agefos-pme, Opca, Faf&#8230;), Agefiph, P\u00f4le Emploi, etc&#8230;<br>D\u00e9claration d&rsquo;activit\u00e9 enregistr\u00e9e sous le num\u00e9ro 72 47 01163 47 aupr\u00e8s de pr\u00e9fecture de r\u00e9gion Aquitaine.<\/p>\n\n\n\n<div class=\"wp-block-image\"><figure class=\"aligncenter\"><img loading=\"lazy\" decoding=\"async\" width=\"256\" height=\"204\" src=\"https:\/\/www.ulmfourques.fr\/wp-content\/uploads\/2019\/10\/Instructeur-ULM.png\" alt=\"\" class=\"wp-image-334\"\/><\/figure><\/div>\n\n\n\n<h2 class=\"has-text-align-center wp-block-heading\">     <strong>\u00c9cole labellis\u00e9e<\/strong><\/h2>\n\n\n\n<div class=\"wp-block-image\"><figure class=\"aligncenter\"><img loading=\"lazy\" decoding=\"async\" width=\"600\" height=\"100\" src=\"https:\/\/www.ulmfourques.fr\/wp-content\/uploads\/2019\/10\/Baniere.png\" alt=\"\" class=\"wp-image-337\" srcset=\"https:\/\/www.ulmfourques.fr\/wp-content\/uploads\/2019\/10\/Baniere.png 600w, https:\/\/www.ulmfourques.fr\/wp-content\/uploads\/2019\/10\/Baniere-300x50.png 300w\" sizes=\"auto, (max-width: 600px) 100vw, 600px\" \/><\/figure><\/div>\n","protected":false},"excerpt":{"rendered":"<p>La qualification instructeur ULM Notre structure est homologu\u00e9e par l&rsquo;Aviation Civile pour assurer les formations \u00e0 la qualification d&rsquo;instructeur ULM dans les classes pendulaire et multiaxe et autogyre. Cette formation, sanctionn\u00e9e par un examen, vous permettra de pratiquer l&rsquo;enseignement au pilotage au sein de n&rsquo;importe quelle \u00e9cole de pilotage ULM \u00e0 titre b\u00e9n\u00e9vole ou professionnel. &hellip; <\/p>\n<p class=\"link-more\"><a href=\"https:\/\/www.ulmfourques.fr\/index.php\/page-d-exemple\/instructeur-ulm\/\" class=\"more-link\">Continuer la lecture<span class=\"screen-reader-text\"> de &laquo;&nbsp;Instructeur ULM&nbsp;&raquo;<\/span><\/a><\/p>\n","protected":false},"author":2,"featured_media":0,"parent":2,"menu_order":2,"comment_status":"closed","ping_status":"closed","template":"","meta":{"footnotes":""},"class_list":["post-251","page","type-page","status-publish","hentry"],"_links":{"self":[{"href":"https:\/\/www.ulmfourques.fr\/index.php\/wp-json\/wp\/v2\/pages\/251","targetHints":{"allow":["GET"]}}],"collection":[{"href":"https:\/\/www.ulmfourques.fr\/index.php\/wp-json\/wp\/v2\/pages"}],"about":[{"href":"https:\/\/www.ulmfourques.fr\/index.php\/wp-json\/wp\/v2\/types\/page"}],"author":[{"embeddable":true,"href":"https:\/\/www.ulmfourques.fr\/index.php\/wp-json\/wp\/v2\/users\/2"}],"replies":[{"embeddable":true,"href":"https:\/\/www.ulmfourques.fr\/index.php\/wp-json\/wp\/v2\/comments?post=251"}],"version-history":[{"count":9,"href":"https:\/\/www.ulmfourques.fr\/index.php\/wp-json\/wp\/v2\/pages\/251\/revisions"}],"predecessor-version":[{"id":871,"href":"https:\/\/www.ulmfourques.fr\/index.php\/wp-json\/wp\/v2\/pages\/251\/revisions\/871"}],"up":[{"embeddable":true,"href":"https:\/\/www.ulmfourques.fr\/index.php\/wp-json\/wp\/v2\/pages\/2"}],"wp:attachment":[{"href":"https:\/\/www.ulmfourques.fr\/index.php\/wp-json\/wp\/v2\/media?parent=251"}],"curies":[{"name":"wp","href":"https:\/\/api.w.org\/{rel}","templated":true}]}}